{"id":6,"date":"2023-10-17T21:57:51","date_gmt":"2023-10-17T21:57:51","guid":{"rendered":"https:\/\/xn--pikesepargihooldus-ltb.ee\/?page_id=6"},"modified":"2024-12-27T09:36:30","modified_gmt":"2024-12-27T09:36:30","slug":"one-page-express","status":"publish","type":"page","link":"https:\/\/xn--pikesepargihooldus-ltb.ee\/","title":{"rendered":"Front Page"},"content":{"rendered":"<div  data-label=\"Pakkumine\" data-id=\"clients-grid-section\" data-category=\"clients\" class=\"clients-grid-section\" id=\"pakkumine\" style=\"background-color: rgb(255, 255, 255);\"> <div  class=\"\"> <div  class=\"clients-grid-textrow row\" data-type=\"column\"> <div  data-type=\"column\" class=\"clients-grid-textcol dynamic-color\"> <h1  class=\"\">SOODUSPAKKUMINE: 89\u20ac<\/h1> <h4  class=\"\">Tuleme ja hindame kohapeal k\u00e4ies Teie p\u00e4ikesepargi seisukorda ning kui peaks olema vajadus hoolduse j\u00e4rele siis koostame ka personaalse hoolduse ajakava ja orienteeruva maksumuse kavas etten\u00e4htud t\u00f6\u00f6dele.<\/h4> <a  class=\"button blue\" href=\"https:\/\/xn--pikesepargihooldus-ltb.ee?page_id=66\" target=\"_self\" rel=\"noopener\">K\u00fcsi lisa!<\/a><p  class=\"\">\n<br ><br >\n<\/p><h3  class=\"\">MEIE PEAMINE EESM\u00c4RK ON PAKKUDA OMA KLIENTIDELE T\u00c4ISLAHENDUST P\u00c4IKSESEPARKIDE HOOLDAMISEL<\/h3><img  decoding=\"async\" class=\"custom-image\" src=\"https:\/\/xn--pikesepargihooldus-ltb.ee\/wp-content\/uploads\/2024\/02\/istockphoto-1331795324-612x612-1-e1708598559778.jpg\" alt=\"\"><h4  class=\"\">Meie teenuste hulka kuuluvad niitmine, lumekoristamine, paneelide pesemine, tehniliste s\u00f5lmede kontroll ja remont, valves\u00fcsteemide paigaldamine, piirete ehitamine jne<\/h4><\/div> <\/div> <div  class=\"row\" data-type=\"row\" data-add-content=\"false\">     <a  href=\"#\" target=\"blank\" rel=\"noopener\"> <\/a>   <\/div> <\/div><\/div><div  data-label=\"Overlapable\" data-id=\"stripped-about-four-boxes-section\" data-category=\"overlapable\" class=\"stripped-about-four-boxes-section\" data-overlap=\"true\" id=\"overlapable-1\" style=\"background-color: rgb(255, 255, 255);\"> <div  class=\"gridContainer\"> <div  class=\"about-four-boxes-innerrow flexbox-list\"> <div  class=\"about-four-boxes-imgcol\" data-bg=\"image\" style=\"background-image: url(&quot;https:\/\/xn--pikesepargihooldus-ltb.ee\/wp-content\/uploads\/2024\/09\/IMG_0698-scaled.jpg&quot;);\"><\/div> <div  class=\"about-four-boxes-textcol\" data-type=\"column\"><i  class=\"fa cp-icon fa4 fa-location-arrow\"><\/i><h4  class=\"\">Tihti on p\u00e4ikesepargid ehitatud piirkondadesse, kus pargi omanik\/haldaja ei asu samas piirkonnas, seet\u00f5ttu pakume ka teenust mis h\u00f5lmab aegajalt kohapeal k\u00e4imist, olukorra hindamist ja vajadusel ka meetmete rakendamist<\/h4>    <\/div> <div  class=\"about-four-boxes-textcol\" data-type=\"column\"><i  class=\"fa cp-icon fa4 fa-handshake-o\"><\/i><h4  class=\"\">Soovime pakkuda oma klientidele personaalset l\u00e4henemist ja viisakat suhtlust, ning loodame luua usaldusv\u00e4\u00e4rne ja kauakestev kliendisuhe.<\/h4>    <\/div> <div  class=\"about-four-boxes-imgcol2\" data-bg=\"image\" style=\"background-image: url(&quot;https:\/\/xn--pikesepargihooldus-ltb.ee\/wp-content\/uploads\/2024\/09\/IMG_0731-scaled-e1727130365476.jpg&quot;);\"><\/div> <\/div> <\/div><\/div><div data-label=\"toostus\" data-id=\"content-image-right\" data-category=\"content\" class=\"content-right-image-section content-image-right\" id=\"toostus\"  style=\"background-color: rgb(255, 255, 255);\"> <div class=\"gridContainer\" > <div class=\"content-right-image-gridcol\" > <div class=\"content-right-image-textcol dynamic-color\" data-type=\"column\" >    <h3 class=\"\" >T\u00d6\u00d6STUSLIKUD P\u00c4IKESEPARGID&nbsp;<\/h3><h4 class=\"\" >\u00dcks meie peamistest tegevus suundadest on t\u00f6\u00f6stuslike p\u00e4ikeseparkide hooldamine, korrastamine. Pakume terviklikku &nbsp;lahendust kus ehitaja hakkab \u00fcle andma objekti tellijale ja meie oleme olemas selleks, et lahendada antud protsessi k\u00e4igus tekkivaid probleeme. \n<br ><br >Lisaks anname soovitus pargi ettevalmistamisel hooldust\u00f6\u00f6deks mis annaksid kokkuhoidu iga-aastasel korralisel hooldusel.<\/h4><a class=\"button blue\" href=\"#\"  target=\"_self\"> Loe Lisaks <\/a><\/div> <div class=\"content-right-image-imgcol\" data-type=\"column\" ><img decoding=\"async\"  class=\"custom-image\" src=\"https:\/\/xn--pikesepargihooldus-ltb.ee\/wp-content\/uploads\/2023\/10\/pexels-kelly-2800832-scaled-e1735292184253.jpg\" alt=\"\">  <\/div> <\/div> <\/div> <\/div><div  data-label=\"Features\" data-id=\"features-image-cards-section\" data-category=\"features\" class=\"features-image-cards-section\" style=\"background-color: rgb(246, 246, 246);\" id=\"features-2\"> <div  class=\"gridContainer\"> <div  class=\"features-image-cards-textrow\"> <div  class=\"features-image-cards-textcol dynamic-color\" data-type=\"column\"> <h3  class=\"\">MEIE P\u00d5HILISED TOOTED JA TEENUSED<\/h3>  <h4  class=\"\">Meie tooted ja teenused aitavad kaasa Teie investeeringu kaitsmisele parimal v\u00f5imalikul viisil.<\/h4><\/div> <\/div> <div  class=\"features-image-cards-innerrow flexbox-list dark-text\" data-type=\"row\"> <div  class=\"features-image-cards-cardcol cp6cols-tablet cp6cols\"> <div  class=\"features-image-cards-cardrow\"><img  decoding=\"async\" class=\"features-image-cards-featimg\" src=\"https:\/\/xn--pikesepargihooldus-ltb.ee\/wp-content\/uploads\/2024\/09\/IMG_0779-scaled.jpg\" alt=\"\"> <div  class=\"features-image-cards-cardtextrow\" data-type=\"column\"> <h3  class=\"\">NIITMINE<\/h3>   <h4  class=\"\"><div ><span  style=\"font-size: 19.98px;\">Niitmisel l\u00e4htume eelk\u00f5ige p\u00e4ikesepargi erip\u00e4rast. Meie t\u00f6\u00f6riistade valikus on 0-p\u00f6\u00f6rdelaiusega niidukid kui ka v\u00f5sasema pinnase jaoks ka haamerniidukid. Kitsamates kohtades kasutame k\u00e4sitrimmereid ja v\u00f5sal\u00f5ikajaid. V\u00e4ga spetsiifilistes kohtades kasutama v\u00f5imalusel ka keemilist t\u00f5rjet.<\/span><\/div><\/h4><\/div> <\/div> <\/div> <div  class=\"features-image-cards-cardcol cp6cols-tablet cp6cols\"> <div  class=\"features-image-cards-cardrow\"><img  decoding=\"async\" class=\"features-image-cards-featimg\" src=\"https:\/\/xn--pikesepargihooldus-ltb.ee\/wp-content\/uploads\/2024\/09\/IMG_0832-scaled.jpg\" alt=\"\"> <div  class=\"features-image-cards-cardtextrow\" data-type=\"column\"> <h3  class=\"\">PESEMINE<\/h3>   <h4  class=\"\"><div ><span  style=\"font-size: 19.98px;\">Parkide pesemine muutub aktuaalseks siis kui paneelid on kaetud f\u00fc\u00fcsilise mustusega nagu n\u00e4iteks \u00f5ietolm, puulehed, teede vahetusl\u00e4hedusest tingitud mustus jne.<\/span><\/div><\/h4><\/div> <\/div> <\/div> <div  class=\"features-image-cards-cardcol cp6cols-tablet cp6cols\"> <div  class=\"features-image-cards-cardrow\"><img  decoding=\"async\" class=\"features-image-cards-featimg\" src=\"https:\/\/xn--pikesepargihooldus-ltb.ee\/wp-content\/uploads\/2024\/09\/IMG_0765-scaled.jpg\" alt=\"\"> <div  class=\"features-image-cards-cardtextrow\" data-type=\"column\"> <h3  class=\"\">PIIRDED JA AIAD<\/h3>   <h4  class=\"\"><div ><span  style=\"font-size: 19.98px;\">Pakume p\u00e4ikeseparkidele ka 2D ja 3D paneelidest aiapiirdeid mida on lihtne paigaldada ja kus hinna ja kvaliteedi suhe on k\u00f5ige m\u00f5istlikumas vahekorras. Paneelid on tugevad ja kauakestvad kuna aluspinnad on tsingitud. V\u00f5imalus on valida ka v\u00e4rvikaardi j\u00e4rgi paneelide v\u00e4rve.<\/span><\/div><\/h4><\/div> <\/div> <\/div> <div  class=\"features-image-cards-cardcol cp6cols-tablet cp6cols\"> <div  class=\"features-image-cards-cardrow\"><img  decoding=\"async\" class=\"features-image-cards-featimg\" src=\"https:\/\/xn--pikesepargihooldus-ltb.ee\/wp-content\/uploads\/2023\/10\/pexels-atypeek-dgn-5650141-scaled-e1699567966123.jpg\" alt=\"\"> <div  class=\"features-image-cards-cardtextrow\" data-type=\"column\"> <h3  class=\"\">VALVES\u00dcSTEEMID<\/h3>   <h4  class=\"\">Kuna p\u00e4ikesepargid on tihti hajaasustus kohtades siis on Valves\u00fcsteemid on kindlasti vajalikud et kaitsta tehtud investeeringuid. Seet\u00f5ttu pakume ka valves\u00fcsteemide paigaldust mis aitab hoida silma peal ka k\u00f5ige eraldatumates kohtades.<\/h4><\/div> <\/div> <\/div><div  class=\"features-image-cards-cardcol cp6cols-tablet cp6cols\"> <div  class=\"features-image-cards-cardrow\"><img  decoding=\"async\" class=\"features-image-cards-featimg\" src=\"https:\/\/xn--pikesepargihooldus-ltb.ee\/wp-content\/uploads\/2024\/03\/pexels-photo-9906450-e1710254398561.jpg\" alt=\"\"> <div  class=\"features-image-cards-cardtextrow\" data-type=\"column\"> <h3  class=\"\">LOOMADE KARJATAMINE&nbsp;<\/h3>   <h4  class=\"\"><div ><span  style=\"font-size: 19.98px;\">Pakume oma klientidele abi loomade karjatamisel p\u00e4ikeseparkides. Saame pakkuda omaltpoolt \u00fche tonniseid joogiautomaate ja ajutiseid piirdeaedasi koos varjualustega, lisaks paigaldame ajutisi lisakaameraid, mis v\u00f5imaldavad j\u00e4lgida loomi reaalajas. Samuti aitame leida kontakte l\u00e4bi Eesti Lamba ja Kitsekasvatuse liidu kaudu. Vajadusel aitame ka loomade transpordiga.<\/span><\/div><\/h4><\/div> <\/div> <\/div><div  class=\"features-image-cards-cardcol cp6cols-tablet cp6cols\"> <div  class=\"features-image-cards-cardrow\"><img  decoding=\"async\" class=\"features-image-cards-featimg\" src=\"https:\/\/xn--pikesepargihooldus-ltb.ee\/wp-content\/uploads\/2024\/03\/solar-panel-7518786_1280-e1710254688647.jpg\" alt=\"\"> <div  class=\"features-image-cards-cardtextrow\" data-type=\"column\"> <h3  class=\"\">P\u00c4IKESEPANEELIDE VAHETUS JA UTILISEERIMINE<\/h3>   <h4  class=\"\"><div ><span  style=\"font-size: 19.98px;\">Katkiste v\u00f5i rikutud paneelide vahetuse k\u00e4igus tekib p\u00e4ikesepaneelide n\u00e4ol elektrooniline j\u00e4\u00e4de, mida tuleb ka vastavalt k\u00e4sitleda. Kas paneelide utiliseerimise eest tuleb maksta v\u00f5i saate tasuta \u00e4ra anda oleneb sellest kas ettev\u00f5tte kes teile paigaldas paneelid on maksnud j\u00e4\u00e4tmetasu. \n<br >Kui teie paneelide paigaldaja on s\u00f5lminud lepingu  O\u00dc Eesti Elektroonikaromuga, siis utiliseerimine on tasuta.<\/span><\/div><\/h4><\/div> <\/div> <\/div><\/div> <\/div><\/div><div  data-label=\"Call to action\" data-id=\"cta-blue-section\" data-category=\"cta\" class=\"cta-blue-section\" id=\"cta-1\"> <div  class=\"gridContainer\"> <div  class=\"flexbox-list flexbox-list-align-center row\"> <div  class=\"cta-blue-textcol dynamic-color\"> <h2  class=\"cta-blue-text\"><b  class=\"element2\">V\u00f5ta meiega \u00fchendust!&nbsp;<\/b><\/h2> <\/div> <div  class=\"cta-blue-btncol\"> <a  class=\"button big yellow dark-text\" href=\"https:\/\/xn--pikesepargihooldus-ltb.ee?page_id=66\" target=\"_self\" rel=\"noopener\"> HELISTA JA K\u00dcSI PAKKUMIST <\/a> <\/div> <\/div> <\/div> <\/div>","protected":false},"excerpt":{"rendered":"<p>SOODUSPAKKUMINE: 89\u20ac Tuleme ja hindame kohapeal k\u00e4ies Teie p\u00e4ikesepargi seisukorda ning kui peaks olema vajadus hoolduse j\u00e4rele siis koostame ka personaalse hoolduse ajakava ja orienteeruva maksumuse kavas etten\u00e4htud t\u00f6\u00f6dele. K\u00fcsi lisa! MEIE PEAMINE EESM\u00c4RK ON PAKKUDA OMA KLIENTIDELE T\u00c4ISLAHENDUST P\u00c4IKSESEPARKIDE HOOLDAMISELMeie teenuste hulka kuuluvad niitmine, lumekoristamine, paneelide pesemine, tehniliste s\u00f5lmede kontroll ja remont, valves\u00fcsteemide paigaldamine,&hellip; <br \/> <a class=\"button small blue\" href=\"https:\/\/xn--pikesepargihooldus-ltb.ee\/?p=1\">Read more<\/a><\/p>\n","protected":false},"author":1,"featured_media":0,"parent":0,"menu_order":0,"comment_status":"closed","ping_status":"closed","template":"","meta":{"footnotes":""},"class_list":["post-6","page","type-page","status-publish","hentry"],"_links":{"self":[{"href":"https:\/\/xn--pikesepargihooldus-ltb.ee\/index.php?rest_route=\/wp\/v2\/pages\/6","targetHints":{"allow":["GET"]}}],"collection":[{"href":"https:\/\/xn--pikesepargihooldus-ltb.ee\/index.php?rest_route=\/wp\/v2\/pages"}],"about":[{"href":"https:\/\/xn--pikesepargihooldus-ltb.ee\/index.php?rest_route=\/wp\/v2\/types\/page"}],"author":[{"embeddable":true,"href":"https:\/\/xn--pikesepargihooldus-ltb.ee\/index.php?rest_route=\/wp\/v2\/users\/1"}],"replies":[{"embeddable":true,"href":"https:\/\/xn--pikesepargihooldus-ltb.ee\/index.php?rest_route=%2Fwp%2Fv2%2Fcomments&post=6"}],"version-history":[{"count":85,"href":"https:\/\/xn--pikesepargihooldus-ltb.ee\/index.php?rest_route=\/wp\/v2\/pages\/6\/revisions"}],"predecessor-version":[{"id":324,"href":"https:\/\/xn--pikesepargihooldus-ltb.ee\/index.php?rest_route=\/wp\/v2\/pages\/6\/revisions\/324"}],"wp:attachment":[{"href":"https:\/\/xn--pikesepargihooldus-ltb.ee\/index.php?rest_route=%2Fwp%2Fv2%2Fmedia&parent=6"}],"curies":[{"name":"wp","href":"https:\/\/api.w.org\/{rel}","templated":true}]}}