{"id":64,"date":"2023-10-19T08:42:55","date_gmt":"2023-10-19T08:42:55","guid":{"rendered":"https:\/\/xn--pikesepargihooldus-ltb.ee\/?page_id=64"},"modified":"2024-03-12T14:53:54","modified_gmt":"2024-03-12T14:53:54","slug":"teenused","status":"publish","type":"page","link":"https:\/\/xn--pikesepargihooldus-ltb.ee\/?page_id=64","title":{"rendered":"Teenused"},"content":{"rendered":"\r\n<p>&nbsp;<\/p>\r\n\r\n\r\n\r\n<h2 class=\"wp-block-heading\">Niitmine<\/h2>\r\n\r\n\r\n\r\n<h4>Niitmisel l\u00e4htume eelk\u00f5ige p\u00e4ikesepargi erip\u00e4rast. Meie t\u00f6\u00f6riistade valikus on\u00a0 0-p\u00f6\u00f6rdelaiusega\u00a0niidukid kui ka v\u00f5sasema pinnase jaoks haamerniidukid. Kitsamates kohtades kasutame k\u00e4sitrimmereid ja v\u00f5sal\u00f5ikajaid. V\u00e4ga spetsiifilistes kohtades kasutama v\u00f5imalusel\u00a0ka keemilist t\u00f5rjet.<\/h4>\r\n<p>&nbsp;<\/p>\r\n\r\n\r\n\r\n<h2 class=\"wp-block-heading\">Pesu<\/h2>\r\n\r\n\r\n\r\n<h4>Parkide pesemine muutub aktuaalseks siis kui paneelid on kaetud f\u00fc\u00fcsilise mustusega nagu n\u00e4iteks \u00f5ietolm, puulehed, teede vahetusl\u00e4hedusest tingitud mustus jne.\u00a0\u00a0<\/h4>\r\n<h4>\r\n\r\n<\/h4>\r\n<h4>Pesemisel kasutame ainult fiiber harjaseid ja kemikaale firmalt Trade Chem\u00a0 mis on m\u00f5eldud konkreetselt paneelide pesemiseks.\u00a0<\/h4>\r\n<p>&nbsp;<\/p>\r\n\r\n\r\n\r\n<h2 class=\"wp-block-heading\">Piirded ja aiad<\/h2>\r\n\r\n\r\n\r\n<h4>Pakume p\u00e4ikeseparkidele ka 2D ja 3D paneelidest aiapiirdeid mida on lihtne paigaldada ja kus hinna ja kvaliteedi suhe on k\u00f5ige m\u00f5istlikumas vahekorras. Paneelid on tugevad ja kauakestvad kuna aluspinnad on tsingitud. V\u00f5imalus on valida ka v\u00e4rvikaardi j\u00e4rgi paneelide v\u00e4rve.<\/h4>\r\n<p>&nbsp;<\/p>\r\n\r\n\r\n\r\n<h2 class=\"wp-block-heading\">Valves\u00fcsteemid<\/h2>\r\n\r\n\r\n\r\n<h4>Kuna p\u00e4ikesepargid on tihti hajaasustus kohtades siis on Valves\u00fcsteemid on kindlasti vajalikud et kaitsta tehtud investeeringuid. Seet\u00f5ttu pakume ka valves\u00fcsteemide paigaldust mis aitab hoida silma peal ka k\u00f5ige eraldatumates kohtades.<\/h4>\r\n<p>&nbsp;<\/p>\r\n\r\n\r\n\r\n<h2 class=\"wp-block-heading\">Lumekoristus<\/h2>\r\n\r\n\r\n\r\n<h4>Pakume oma klientidele ka talvel\u00f5pu lume koristust. Sobivate ilmastiku olude puhul on v\u00f5imalik teinekord alustada elektritootmisega juba m\u00e4rgatavalt varem. Aasta kokkuv\u00f5ttes v\u00f5ib antud tegevus kasvatada tootlikust\u00a0kuni 10%.<\/h4>\r\n<p>&nbsp;<\/p>\r\n<h2 class=\"wp-block-heading\">Loomade karjatamine<\/h2>\r\n<p>\r\n\r\n<\/p>\r\n<h4>Pakume oma klientidele abi loomade karjatamisel p\u00e4ikeseparkides. Saame pakkuda omaltpoolt \u00fche tonniseid joogiautomaate ja ajutiseid piirdeaedasi koos varjualustega, lisaks paigaldame ajutisi lisakaameraid, mis v\u00f5imaldavad j\u00e4lgida loomi reaalajas. Samuti aitame leida kontakte l\u00e4bi Eesti Lamba ja Kitsekasvatuse liidu kaudu. Vajadusel aitame ka loomade transpordiga.<\/h4>\r\n<p>&nbsp;<\/p>\r\n<h2 class=\"wp-block-heading\">P\u00e4ikesepaneelide vahetus ja utiliseerimine<\/h2>\r\n<p>\r\n\r\n<\/p>\r\n<h4>Katkiste v\u00f5i rikutud paneelide vahetuse k\u00e4igus tekib p\u00e4ikesepaneelide n\u00e4ol elektrooniline j\u00e4\u00e4de, mida tuleb ka vastavalt k\u00e4sitleda. Kas paneelide utiliseerimise eest tuleb maksta v\u00f5i saate tasuta \u00e4ra anda oleneb sellest kas ettev\u00f5tte kes teile paigaldas paneelid on maksnud j\u00e4\u00e4tmetasu. Kui teie paneelide paigaldaja on s\u00f5lminud lepingu O\u00dc Eesti Elektroonikaromuga, siis utiliseerimine on tasuta. Seda saate kontrollida aadressil: <a href=\"https:\/\/proto.envir.ee\/proto\/registration\/publicList\">https:\/\/proto.envir.ee\/proto\/registration\/publicList<\/a><\/h4>\r\n","protected":false},"excerpt":{"rendered":"<p>&nbsp; Niitmine Niitmisel l\u00e4htume eelk\u00f5ige p\u00e4ikesepargi erip\u00e4rast. Meie t\u00f6\u00f6riistade valikus on\u00a0 0-p\u00f6\u00f6rdelaiusega\u00a0niidukid kui ka v\u00f5sasema pinnase jaoks haamerniidukid. Kitsamates kohtades kasutame k\u00e4sitrimmereid ja v\u00f5sal\u00f5ikajaid. V\u00e4ga spetsiifilistes kohtades kasutama v\u00f5imalusel\u00a0ka keemilist t\u00f5rjet. &nbsp; Pesu Parkide pesemine muutub aktuaalseks siis kui paneelid on kaetud f\u00fc\u00fcsilise mustusega nagu n\u00e4iteks \u00f5ietolm, puulehed, teede vahetusl\u00e4hedusest tingitud mustus jne.\u00a0\u00a0 Pesemisel kasutame&hellip; <br \/> <a class=\"button small blue\" href=\"https:\/\/xn--pikesepargihooldus-ltb.ee\/?page_id=64\">Read more<\/a><\/p>\n","protected":false},"author":1,"featured_media":0,"parent":0,"menu_order":0,"comment_status":"closed","ping_status":"closed","template":"","meta":{"footnotes":""},"class_list":["post-64","page","type-page","status-publish","hentry"],"_links":{"self":[{"href":"https:\/\/xn--pikesepargihooldus-ltb.ee\/index.php?rest_route=\/wp\/v2\/pages\/64","targetHints":{"allow":["GET"]}}],"collection":[{"href":"https:\/\/xn--pikesepargihooldus-ltb.ee\/index.php?rest_route=\/wp\/v2\/pages"}],"about":[{"href":"https:\/\/xn--pikesepargihooldus-ltb.ee\/index.php?rest_route=\/wp\/v2\/types\/page"}],"author":[{"embeddable":true,"href":"https:\/\/xn--pikesepargihooldus-ltb.ee\/index.php?rest_route=\/wp\/v2\/users\/1"}],"replies":[{"embeddable":true,"href":"https:\/\/xn--pikesepargihooldus-ltb.ee\/index.php?rest_route=%2Fwp%2Fv2%2Fcomments&post=64"}],"version-history":[{"count":12,"href":"https:\/\/xn--pikesepargihooldus-ltb.ee\/index.php?rest_route=\/wp\/v2\/pages\/64\/revisions"}],"predecessor-version":[{"id":236,"href":"https:\/\/xn--pikesepargihooldus-ltb.ee\/index.php?rest_route=\/wp\/v2\/pages\/64\/revisions\/236"}],"wp:attachment":[{"href":"https:\/\/xn--pikesepargihooldus-ltb.ee\/index.php?rest_route=%2Fwp%2Fv2%2Fmedia&parent=64"}],"curies":[{"name":"wp","href":"https:\/\/api.w.org\/{rel}","templated":true}]}}